{"id":1486,"date":"2021-11-17T10:14:55","date_gmt":"2021-11-17T07:14:55","guid":{"rendered":"https:\/\/pallasolive.com\/?page_id=1486"},"modified":"2021-11-17T14:53:49","modified_gmt":"2021-11-17T11:53:49","slug":"teslimat-detaylari","status":"publish","type":"page","link":"https:\/\/pallasolive.com\/en\/teslimat-detaylari\/","title":{"rendered":"DELIVERY DETAILS"},"content":{"rendered":"<div data-elementor-type=\"wp-page\" data-elementor-id=\"1486\" class=\"elementor elementor-1486\" data-elementor-post-type=\"page\">\n\t\t\t\t\t\t<section class=\"elementor-section elementor-top-section elementor-element elementor-element-d35b563 elementor-section-boxed elementor-section-height-default elementor-section-height-default\" data-id=\"d35b563\" data-element_type=\"section\">\n\t\t\t\t\t\t<div class=\"elementor-container elementor-column-gap-no\">\n\t\t\t\t\t<div class=\"elementor-column elementor-col-100 elementor-top-column elementor-element elementor-element-2b08af6\" data-id=\"2b08af6\" data-element_type=\"column\">\n\t\t\t<div class=\"elementor-widget-wrap elementor-element-populated\">\n\t\t\t\t\t\t<div class=\"elementor-element elementor-element-c9fbb25 elementor-widget elementor-widget-heading\" data-id=\"c9fbb25\" data-element_type=\"widget\" data-widget_type=\"heading.default\">\n\t\t\t\t<div class=\"elementor-widget-container\">\n\t\t\t\t\t<h2 class=\"elementor-heading-title elementor-size-default\">DELIVERY DETAILS<\/h2>\t\t\t\t<\/div>\n\t\t\t\t<\/div>\n\t\t\t\t<div class=\"elementor-element elementor-element-fd4fd13 elementor-widget-divider--view-line elementor-widget elementor-widget-divider\" data-id=\"fd4fd13\" data-element_type=\"widget\" data-widget_type=\"divider.default\">\n\t\t\t\t<div class=\"elementor-widget-container\">\n\t\t\t\t\t\t\t<div class=\"elementor-divider\">\n\t\t\t<span class=\"elementor-divider-separator\">\n\t\t\t\t\t\t<\/span>\n\t\t<\/div>\n\t\t\t\t\t\t<\/div>\n\t\t\t\t<\/div>\n\t\t\t\t<div class=\"elementor-element elementor-element-e072a03 elementor-widget elementor-widget-text-editor\" data-id=\"e072a03\" data-element_type=\"widget\" data-widget_type=\"text-editor.default\">\n\t\t\t\t<div class=\"elementor-widget-container\">\n\t\t\t\t\t\t\t\t\t<h4>Sipari\u015finiz, sat\u0131n alma i\u015fleminiz ger\u00e7ekle\u015ftikten sonra 1-5 g\u00fcn aras\u0131nda kargoya verilir.<\/h4><p>\u00a0<\/p><h4>Sipari\u015finiz kargoya teslim edildikten sonra kargonun teslim s\u00fcresi 1-4 i\u015f g\u00fcn\u00fcd\u00fcr. Mobil b\u00f6lgelerde teslim s\u00fcresinin biraz daha uzun olabilece\u011fini l\u00fctfen dikkate al\u0131n\u0131z.<\/h4><p>\u00a0<\/p><h4>Resmi tatil ve bayram d\u00f6nemlerinde kargo firmalar\u0131 \u00e7al\u0131\u015fmad\u0131\u011f\u0131 i\u00e7in teslimat\u0131n\u0131z ilk i\u015f g\u00fcn\u00fc yap\u0131lacakt\u0131r.<\/h4>\t\t\t\t\t\t\t\t<\/div>\n\t\t\t\t<\/div>\n\t\t\t\t\t<\/div>\n\t\t<\/div>\n\t\t\t\t\t<\/div>\n\t\t<\/section>\n\t\t\t\t<\/div>","protected":false},"excerpt":{"rendered":"<p>Teslimat Detaylar\u0131 Sipari\u015finiz, sat\u0131n alma i\u015fleminiz ger\u00e7ekle\u015ftikten sonra 1-5 g\u00fcn aras\u0131nda kargoya verilir. \u00a0 Sipari\u015finiz kargoya teslim edildikten sonra kargonun teslim s\u00fcresi 1-4 i\u015f g\u00fcn\u00fcd\u00fcr. Mobil b\u00f6lgelerde teslim s\u00fcresinin biraz daha uzun olabilece\u011fini l\u00fctfen dikkate al\u0131n\u0131z. \u00a0 Resmi tatil ve bayram d\u00f6nemlerinde kargo firmalar\u0131 \u00e7al\u0131\u015fmad\u0131\u011f\u0131 i\u00e7in teslimat\u0131n\u0131z ilk i\u015f g\u00fcn\u00fc yap\u0131lacakt\u0131r.<\/p>","protected":false},"author":1,"featured_media":0,"parent":0,"menu_order":0,"comment_status":"closed","ping_status":"closed","template":"","meta":{"footnotes":""},"class_list":["post-1486","page","type-page","status-publish","hentry"],"_links":{"self":[{"href":"https:\/\/pallasolive.com\/en\/wp-json\/wp\/v2\/pages\/1486","targetHints":{"allow":["GET"]}}],"collection":[{"href":"https:\/\/pallasolive.com\/en\/wp-json\/wp\/v2\/pages"}],"about":[{"href":"https:\/\/pallasolive.com\/en\/wp-json\/wp\/v2\/types\/page"}],"author":[{"embeddable":true,"href":"https:\/\/pallasolive.com\/en\/wp-json\/wp\/v2\/users\/1"}],"replies":[{"embeddable":true,"href":"https:\/\/pallasolive.com\/en\/wp-json\/wp\/v2\/comments?post=1486"}],"version-history":[{"count":19,"href":"https:\/\/pallasolive.com\/en\/wp-json\/wp\/v2\/pages\/1486\/revisions"}],"predecessor-version":[{"id":1778,"href":"https:\/\/pallasolive.com\/en\/wp-json\/wp\/v2\/pages\/1486\/revisions\/1778"}],"wp:attachment":[{"href":"https:\/\/pallasolive.com\/en\/wp-json\/wp\/v2\/media?parent=1486"}],"curies":[{"name":"wp","href":"https:\/\/api.w.org\/{rel}","templated":true}]}}