{"id":2927,"date":"2023-12-07T06:16:37","date_gmt":"2023-12-07T03:16:37","guid":{"rendered":"https:\/\/pallasolive.com\/?page_id=2927"},"modified":"2023-12-07T07:08:51","modified_gmt":"2023-12-07T04:08:51","slug":"sparis-bilgileri","status":"publish","type":"page","link":"https:\/\/pallasolive.com\/en\/sparis-bilgileri\/","title":{"rendered":"Sipari\u015f bilgileri"},"content":{"rendered":"<div data-elementor-type=\"wp-page\" data-elementor-id=\"2927\" class=\"elementor elementor-2927\" data-elementor-post-type=\"page\">\n\t\t\t\t\t\t<section class=\"elementor-section elementor-top-section elementor-element elementor-element-060bdf4 elementor-section-boxed elementor-section-height-default elementor-section-height-default\" data-id=\"060bdf4\" data-element_type=\"section\">\n\t\t\t\t\t\t<div class=\"elementor-container elementor-column-gap-default\">\n\t\t\t\t\t<div class=\"elementor-column elementor-col-100 elementor-top-column elementor-element elementor-element-f93872a\" data-id=\"f93872a\" data-element_type=\"column\">\n\t\t\t<div class=\"elementor-widget-wrap elementor-element-populated\">\n\t\t\t\t\t\t\t<\/div>\n\t\t<\/div>\n\t\t\t\t\t<\/div>\n\t\t<\/section>\n\t\t\t\t<section class=\"elementor-section elementor-top-section elementor-element elementor-element-781249d elementor-section-boxed elementor-section-height-default elementor-section-height-default\" data-id=\"781249d\" data-element_type=\"section\">\n\t\t\t\t\t\t<div class=\"elementor-container elementor-column-gap-default\">\n\t\t\t\t\t<div class=\"elementor-column elementor-col-100 elementor-top-column elementor-element elementor-element-9e48c80\" data-id=\"9e48c80\" data-element_type=\"column\">\n\t\t\t<div class=\"elementor-widget-wrap elementor-element-populated\">\n\t\t\t\t\t\t<div class=\"elementor-element elementor-element-85d56d9 elementor-widget elementor-widget-text-editor\" data-id=\"85d56d9\" data-element_type=\"widget\" data-widget_type=\"text-editor.default\">\n\t\t\t\t<div class=\"elementor-widget-container\">\n\t\t\t\t\t\t\t\t\t<p>Sipari\u015finiz, sat\u0131n alma i\u015fleminiz ger\u00e7ekle\u015ftikten sonra 1-5 g\u00fcn aras\u0131nda kargoya verilir.<\/p><p>Sipari\u015finiz kargoya teslim edildikten sonra kargonun teslim s\u00fcresi 1-4 i\u015f g\u00fcn\u00fcd\u00fcr. Mobil b\u00f6lgelerde teslim s\u00fcresinin biraz daha uzun olabilece\u011fini l\u00fctfen dikkate al\u0131n\u0131z.<\/p><p>Resmi tatil ve bayram d\u00f6nemlerinde kargo firmalar\u0131 \u00e7al\u0131\u015fmad\u0131\u011f\u0131 i\u00e7in teslimat\u0131n\u0131z ilk i\u015f g\u00fcn\u00fc yap\u0131lacakt\u0131r.<\/p>\t\t\t\t\t\t\t\t<\/div>\n\t\t\t\t<\/div>\n\t\t\t\t\t<\/div>\n\t\t<\/div>\n\t\t\t\t\t<\/div>\n\t\t<\/section>\n\t\t\t\t<\/div>","protected":false},"excerpt":{"rendered":"<p>Sipari\u015finiz, sat\u0131n alma i\u015fleminiz ger\u00e7ekle\u015ftikten sonra 1-5 g\u00fcn aras\u0131nda kargoya verilir. Sipari\u015finiz kargoya teslim edildikten sonra kargonun teslim s\u00fcresi 1-4 i\u015f g\u00fcn\u00fcd\u00fcr. Mobil b\u00f6lgelerde teslim s\u00fcresinin biraz daha uzun olabilece\u011fini l\u00fctfen dikkate al\u0131n\u0131z. Resmi tatil ve bayram d\u00f6nemlerinde kargo firmalar\u0131 \u00e7al\u0131\u015fmad\u0131\u011f\u0131 i\u00e7in teslimat\u0131n\u0131z ilk i\u015f g\u00fcn\u00fc yap\u0131lacakt\u0131r.<\/p>","protected":false},"author":2639,"featured_media":0,"parent":0,"menu_order":0,"comment_status":"closed","ping_status":"closed","template":"elementor_header_footer","meta":{"footnotes":""},"class_list":["post-2927","page","type-page","status-publish","hentry"],"_links":{"self":[{"href":"https:\/\/pallasolive.com\/en\/wp-json\/wp\/v2\/pages\/2927","targetHints":{"allow":["GET"]}}],"collection":[{"href":"https:\/\/pallasolive.com\/en\/wp-json\/wp\/v2\/pages"}],"about":[{"href":"https:\/\/pallasolive.com\/en\/wp-json\/wp\/v2\/types\/page"}],"author":[{"embeddable":true,"href":"https:\/\/pallasolive.com\/en\/wp-json\/wp\/v2\/users\/2639"}],"replies":[{"embeddable":true,"href":"https:\/\/pallasolive.com\/en\/wp-json\/wp\/v2\/comments?post=2927"}],"version-history":[{"count":7,"href":"https:\/\/pallasolive.com\/en\/wp-json\/wp\/v2\/pages\/2927\/revisions"}],"predecessor-version":[{"id":2939,"href":"https:\/\/pallasolive.com\/en\/wp-json\/wp\/v2\/pages\/2927\/revisions\/2939"}],"wp:attachment":[{"href":"https:\/\/pallasolive.com\/en\/wp-json\/wp\/v2\/media?parent=2927"}],"curies":[{"name":"wp","href":"https:\/\/api.w.org\/{rel}","templated":true}]}}