{"id":49,"date":"2019-10-22T11:07:01","date_gmt":"2019-10-22T11:07:01","guid":{"rendered":"https:\/\/bridge268.qodeinteractive.com\/cart\/"},"modified":"2024-12-11T04:14:27","modified_gmt":"2024-12-11T01:14:27","slug":"cart","status":"publish","type":"page","link":"https:\/\/pallasolive.com\/en\/cart\/","title":{"rendered":"Order"},"content":{"rendered":"<div data-elementor-type=\"wp-page\" data-elementor-id=\"49\" class=\"elementor elementor-49\" data-elementor-post-type=\"page\">\n\t\t\t\t\t\t<section class=\"elementor-section elementor-top-section elementor-element elementor-element-2c6a57d elementor-section-boxed elementor-section-height-default elementor-section-height-default\" data-id=\"2c6a57d\" data-element_type=\"section\">\n\t\t\t\t\t\t<div class=\"elementor-container elementor-column-gap-default\">\n\t\t\t\t\t<div class=\"elementor-column elementor-col-100 elementor-top-column elementor-element elementor-element-ea7518b\" data-id=\"ea7518b\" data-element_type=\"column\">\n\t\t\t<div class=\"elementor-widget-wrap elementor-element-populated\">\n\t\t\t\t\t\t\t<\/div>\n\t\t<\/div>\n\t\t\t\t\t<\/div>\n\t\t<\/section>\n\t\t\t\t<section class=\"elementor-section elementor-top-section elementor-element elementor-element-0aa8584 elementor-section-boxed elementor-section-height-default elementor-section-height-default\" data-id=\"0aa8584\" data-element_type=\"section\">\n\t\t\t\t\t\t<div class=\"elementor-container elementor-column-gap-default\">\n\t\t\t\t\t<div class=\"elementor-column elementor-col-100 elementor-top-column elementor-element elementor-element-40fff72\" data-id=\"40fff72\" data-element_type=\"column\">\n\t\t\t<div class=\"elementor-widget-wrap elementor-element-populated\">\n\t\t\t\t\t\t<div class=\"elementor-element elementor-element-f4fee0e elementor-widget elementor-widget-spacer\" data-id=\"f4fee0e\" data-element_type=\"widget\" data-widget_type=\"spacer.default\">\n\t\t\t\t<div class=\"elementor-widget-container\">\n\t\t\t\t\t\t\t<div class=\"elementor-spacer\">\n\t\t\t<div class=\"elementor-spacer-inner\"><\/div>\n\t\t<\/div>\n\t\t\t\t\t\t<\/div>\n\t\t\t\t<\/div>\n\t\t\t\t\t<\/div>\n\t\t<\/div>\n\t\t\t\t\t<\/div>\n\t\t<\/section>\n\t\t\t\t<\/div>","protected":false},"excerpt":{"rendered":"<p>\u00dcr\u00fcn\u00fc \u00e7\u0131kar K\u00fc\u00e7\u00fck resim \u00dcr\u00fcn Fiyat Miktar Ara Toplam &times; Premium 2 lt x 1 adet &#8378;1,400.00 Premium 2 lt x 1 adet adet &#8378;4,200.00 SEPET\u0130 G\u00dcNCELLE \u00d6denecek Tutar Ara Toplam &#8378;4,200.00 Toplam &#8378;4,200.00 \u00d6DEME SAYFASINA G\u0130T<\/p>","protected":false},"author":1,"featured_media":0,"parent":0,"menu_order":0,"comment_status":"closed","ping_status":"closed","template":"elementor_header_footer","meta":{"footnotes":""},"class_list":["post-49","page","type-page","status-publish","hentry"],"_links":{"self":[{"href":"https:\/\/pallasolive.com\/en\/wp-json\/wp\/v2\/pages\/49","targetHints":{"allow":["GET"]}}],"collection":[{"href":"https:\/\/pallasolive.com\/en\/wp-json\/wp\/v2\/pages"}],"about":[{"href":"https:\/\/pallasolive.com\/en\/wp-json\/wp\/v2\/types\/page"}],"author":[{"embeddable":true,"href":"https:\/\/pallasolive.com\/en\/wp-json\/wp\/v2\/users\/1"}],"replies":[{"embeddable":true,"href":"https:\/\/pallasolive.com\/en\/wp-json\/wp\/v2\/comments?post=49"}],"version-history":[{"count":19,"href":"https:\/\/pallasolive.com\/en\/wp-json\/wp\/v2\/pages\/49\/revisions"}],"predecessor-version":[{"id":4018,"href":"https:\/\/pallasolive.com\/en\/wp-json\/wp\/v2\/pages\/49\/revisions\/4018"}],"wp:attachment":[{"href":"https:\/\/pallasolive.com\/en\/wp-json\/wp\/v2\/media?parent=49"}],"curies":[{"name":"wp","href":"https:\/\/api.w.org\/{rel}","templated":true}]}}