{"id":836,"date":"2021-04-26T09:52:45","date_gmt":"2021-04-26T06:52:45","guid":{"rendered":"https:\/\/pallasolive.com\/?page_id=836"},"modified":"2024-12-15T12:49:57","modified_gmt":"2024-12-15T09:49:57","slug":"pallasin-sirri","status":"publish","type":"page","link":"https:\/\/pallasolive.com\/en\/pallasin-sirri\/","title":{"rendered":"Pallas&#8217;\u0131n s\u0131rr\u0131"},"content":{"rendered":"<div data-elementor-type=\"wp-page\" data-elementor-id=\"836\" class=\"elementor elementor-836\" data-elementor-post-type=\"page\">\n\t\t\t\t\t\t<section class=\"elementor-section elementor-top-section elementor-element elementor-element-bb64812 elementor-section-boxed elementor-section-height-default elementor-section-height-default\" data-id=\"bb64812\" data-element_type=\"section\">\n\t\t\t\t\t\t<div class=\"elementor-container elementor-column-gap-default\">\n\t\t\t\t\t<div class=\"elementor-column elementor-col-50 elementor-top-column elementor-element elementor-element-542caf0\" data-id=\"542caf0\" data-element_type=\"column\">\n\t\t\t<div class=\"elementor-widget-wrap elementor-element-populated\">\n\t\t\t\t\t\t<div class=\"elementor-element elementor-element-2528cd9 elementor-widget elementor-widget-heading\" data-id=\"2528cd9\" data-element_type=\"widget\" data-widget_type=\"heading.default\">\n\t\t\t\t<div class=\"elementor-widget-container\">\n\t\t\t\t\t<h5 class=\"elementor-heading-title elementor-size-default\">What is Arbequina olive oil?<\/h5>\t\t\t\t<\/div>\n\t\t\t\t<\/div>\n\t\t\t\t<div class=\"elementor-element elementor-element-3f83be9 elementor-widget elementor-widget-heading\" data-id=\"3f83be9\" data-element_type=\"widget\" data-widget_type=\"heading.default\">\n\t\t\t\t<div class=\"elementor-widget-container\">\n\t\t\t\t\t<h1 class=\"elementor-heading-title elementor-size-default\">Pallas's secret<\/h1>\t\t\t\t<\/div>\n\t\t\t\t<\/div>\n\t\t\t\t<div class=\"elementor-element elementor-element-ef6d6de elementor-widget elementor-widget-text-editor\" data-id=\"ef6d6de\" data-element_type=\"widget\" data-widget_type=\"text-editor.default\">\n\t\t\t\t<div class=\"elementor-widget-container\">\n\t\t\t\t\t\t\t\t\t<p>Legend has it that in the 17th century, Spanish Duke Medinacelli discovered an extraordinarily delicious olive oil during his visit to Jerusalem and brought the seedlings of this olive genus to the Iberia peninsula. These saplings are planted in the Arbequa region, located in the northwest of the coastal city of Tarragona, near the city of Leida in Catalonia, Spain, and the Arbequina olive trees, named after this region, proliferate throughout the region.<\/p><p>With the resurgence in popularity of artisanal olive oil in the 20th century, Arbequina olives and the oils obtained from these olives went through a period of rediscovery, spreading from Spain to the Mediterranean and from there to many parts of the world.<\/p><p><b>What makes arbequina such a popular variety?<\/b><\/p><p>Arbequina trees came to the fore with their compact, durable and fruit production maturity at a younger age than other varieties. In general, its fruits are small and offer a large oil yield of up to 25%. And this yield is offered in the early harvest period. While most olive cultivars wait longer to mature on the trees to achieve high yields, they also sacrifice important nutrients during this time. Arbequina can be harvested earlier and retain its high yielding, nutrient-rich oil with ideal flavor characteristics.<\/p><p><b>Distinctive features of Arbequina olive oil<\/b><\/p><p>Extra virgin olive oil from this species is characterized by being a sweet olive oil. It does not leave a bitter taste in the mouth like other olive oils. The fact that arbequina oil leaves a small bitterness in the throat indicates that it is a fresh olive oil.<\/p><p>The Arbequina olive is a small olive that doesn't even weigh two grams. Although it is not very large, you can get much more oil than other olives because it is very oily. This type of olive oil, obtained from Arbequina olives, is one of the most successful options for anyone who loves light olive oil and gives a good taste to their meals.<\/p><p>Another feature of arbequina oil is a distinctive fruity, banana or apple-like aroma. This unique flavor is due to high levels of polyunsaturated acids.<\/p><p>These olives contain less polyphenols than other varieties, thus yielding an oil with little bitterness as well as less defense against oxidation. Arbequina, unlike others, has a fairly high percentage of oleic acid, this is beneficial for those with high bad cholesterol and low good cholesterol and helps regulate this incompatibility.<\/p><p><b>What is the most common use of Arbequina olive oil?<\/b><\/p><p>Arbequina oil has a sweet and mild flavor, making it distinctive in the kitchen as well. These properties allow it to be used to make more things than the rest of the harder olive oils.<\/p><p>It is also used in the preparation of soft or delicate sauces such as mayonnaise.<\/p><p>We can say that it is also recommended for use in the bakery industry and can be used as a substitute for butter in making biscuits or cakes.<\/p><p>Another of its most common uses is for salad dressing, because it is soft and slightly sweet, it pairs perfectly with ingredients such as apples, kiwis or raisins.<\/p><p>For those who love a rich and healthy breakfast, Arbequina extra virgin olive oil makes a wonderful combination with fresh or toasted bread in the morning, accompanied by hot tea.<\/p><p>This type of extra virgin olive oil is also recommended for making fish and seafood such as anchovies or pickled salmon in vinegar.<\/p>\t\t\t\t\t\t\t\t<\/div>\n\t\t\t\t<\/div>\n\t\t\t\t\t<\/div>\n\t\t<\/div>\n\t\t\t\t<div class=\"elementor-column elementor-col-50 elementor-top-column elementor-element elementor-element-82dec6e\" data-id=\"82dec6e\" data-element_type=\"column\">\n\t\t\t<div class=\"elementor-widget-wrap elementor-element-populated\">\n\t\t\t\t\t\t<div class=\"elementor-element elementor-element-9624d07 elementor-grid-1 elementor-grid-tablet-3 elementor-grid-mobile-2 elementor-products-grid elementor-wc-products elementor-widget elementor-widget-woocommerce-products\" data-id=\"9624d07\" data-element_type=\"widget\" data-widget_type=\"woocommerce-products.default\">\n\t\t\t\t<div class=\"elementor-widget-container\">\n\t\t\t\t\t<div class=\"woocommerce columns-1\"><ul class=\"products elementor-grid columns-1\">\n<li class=\"product type-product post-2683 status-publish first instock product_cat-ucretsiz-kargo product_tag-natural product_tag-vegan product_tag-vegetables has-post-thumbnail shipping-taxable purchasable product-type-simple\">\n\t<a href=\"https:\/\/pallasolive.com\/en\/product\/extra-premium-500ml-zeytinyagi\/\" class=\"woocommerce-LoopProduct-link woocommerce-loop-product__link\"><img fetchpriority=\"high\" decoding=\"async\" width=\"300\" height=\"300\" src=\"https:\/\/pallasolive.com\/wp-content\/uploads\/2025\/12\/premium_zeytinyagi-300x300.jpg\" class=\"attachment-woocommerce_thumbnail size-woocommerce_thumbnail\" alt=\"Extra Premium 500 ml En Erken Hasat Zeytinyagi\" srcset=\"https:\/\/pallasolive.com\/wp-content\/uploads\/2025\/12\/premium_zeytinyagi-300x300.jpg 300w, https:\/\/pallasolive.com\/wp-content\/uploads\/2025\/12\/premium_zeytinyagi-150x150.jpg 150w, https:\/\/pallasolive.com\/wp-content\/uploads\/2025\/12\/premium_zeytinyagi-768x768.jpg 768w, https:\/\/pallasolive.com\/wp-content\/uploads\/2025\/12\/premium_zeytinyagi-12x12.jpg 12w, https:\/\/pallasolive.com\/wp-content\/uploads\/2025\/12\/premium_zeytinyagi-600x600.jpg 600w, https:\/\/pallasolive.com\/wp-content\/uploads\/2025\/12\/premium_zeytinyagi-100x100.jpg 100w, https:\/\/pallasolive.com\/wp-content\/uploads\/2025\/12\/premium_zeytinyagi.jpg 1024w\" sizes=\"(max-width: 300px) 100vw, 300px\" \/><h2 class=\"woocommerce-loop-product__title\">Extra Premium 500 ml En Erken Hasat Zeytinyagi<\/h2>\n\t<span class=\"price\"><span class=\"woocommerce-Price-amount amount\"><bdi><span class=\"woocommerce-Price-currencySymbol\">&#8378;<\/span>950.00<\/bdi><\/span><\/span>\n<\/a><a href=\"\/en\/wp-json\/wp\/v2\/pages\/836?add-to-cart=2683\" aria-describedby=\"woocommerce_loop_add_to_cart_link_describedby_2683\" data-quantity=\"1\" class=\"button product_type_simple add_to_cart_button ajax_add_to_cart\" data-product_id=\"2683\" data-product_sku=\"015-2-2\" aria-label=\"Sepete ekle: \u201cExtra Premium 500 ml En Erken Hasat Zeytinyagi\u201d\" rel=\"nofollow\" data-success_message=\"\u201cExtra Premium 500 ml En Erken Hasat Zeytinyagi\u201d has been added to your cart\" role=\"button\" data-no-translation=\"\" data-trp-gettext=\"\" data-no-translation-aria-label=\"\" data-no-translation-data-success_message=\"\">Add to basket<\/a>\t<span id=\"woocommerce_loop_add_to_cart_link_describedby_2683\" class=\"screen-reader-text\">\n\t\t\t<\/span>\n<\/li>\n<li class=\"product type-product post-2247 status-publish first instock product_cat-ucretsiz-kargo product_tag-natural product_tag-vegan has-post-thumbnail shipping-taxable purchasable product-type-simple\">\n\t<a href=\"https:\/\/pallasolive.com\/en\/product\/premium-500-ml-2-adet\/\" class=\"woocommerce-LoopProduct-link woocommerce-loop-product__link\"><img decoding=\"async\" width=\"300\" height=\"300\" src=\"https:\/\/pallasolive.com\/wp-content\/uploads\/2022\/10\/zeytinyagi_premium_2x500-300x300.jpg\" class=\"attachment-woocommerce_thumbnail size-woocommerce_thumbnail\" alt=\"Premium 500 ml x 2 adet zeytinyagi\" srcset=\"https:\/\/pallasolive.com\/wp-content\/uploads\/2022\/10\/zeytinyagi_premium_2x500-300x300.jpg 300w, https:\/\/pallasolive.com\/wp-content\/uploads\/2022\/10\/zeytinyagi_premium_2x500-150x150.jpg 150w, https:\/\/pallasolive.com\/wp-content\/uploads\/2022\/10\/zeytinyagi_premium_2x500-768x768.jpg 768w, https:\/\/pallasolive.com\/wp-content\/uploads\/2022\/10\/zeytinyagi_premium_2x500-12x12.jpg 12w, https:\/\/pallasolive.com\/wp-content\/uploads\/2022\/10\/zeytinyagi_premium_2x500-600x600.jpg 600w, https:\/\/pallasolive.com\/wp-content\/uploads\/2022\/10\/zeytinyagi_premium_2x500-100x100.jpg 100w, https:\/\/pallasolive.com\/wp-content\/uploads\/2022\/10\/zeytinyagi_premium_2x500.jpg 1024w\" sizes=\"(max-width: 300px) 100vw, 300px\" \/><h2 class=\"woocommerce-loop-product__title\">Premium 500 ml x 2 adet zeytinyagi<\/h2>\n\t<span class=\"price\"><span class=\"woocommerce-Price-amount amount\"><bdi><span class=\"woocommerce-Price-currencySymbol\">&#8378;<\/span>1,700.00<\/bdi><\/span><\/span>\n<\/a><a href=\"\/en\/wp-json\/wp\/v2\/pages\/836?add-to-cart=2247\" aria-describedby=\"woocommerce_loop_add_to_cart_link_describedby_2247\" data-quantity=\"1\" class=\"button product_type_simple add_to_cart_button ajax_add_to_cart\" data-product_id=\"2247\" data-product_sku=\"014-3-1\" aria-label=\"Sepete ekle: \u201cPremium 500 ml x 2 adet zeytinyagi\u201d\" rel=\"nofollow\" data-success_message=\"\u201cPremium 500 ml x 2 adet zeytinyagi\u201d has been added to your cart\" role=\"button\" data-no-translation=\"\" data-trp-gettext=\"\" data-no-translation-aria-label=\"\" data-no-translation-data-success_message=\"\">Add to basket<\/a>\t<span id=\"woocommerce_loop_add_to_cart_link_describedby_2247\" class=\"screen-reader-text\">\n\t\t\t<\/span>\n<\/li>\n<li class=\"product type-product post-2246 status-publish first instock product_cat-ucretsiz-kargo product_tag-natural product_tag-vegan product_tag-vegetables has-post-thumbnail shipping-taxable purchasable product-type-simple\">\n\t<a href=\"https:\/\/pallasolive.com\/en\/product\/extra-premium-500-ml-2-adet\/\" class=\"woocommerce-LoopProduct-link woocommerce-loop-product__link\"><img decoding=\"async\" width=\"300\" height=\"300\" src=\"https:\/\/pallasolive.com\/wp-content\/uploads\/2022\/10\/ultra_premium_zeytinyagi-300x300.jpg\" class=\"attachment-woocommerce_thumbnail size-woocommerce_thumbnail\" alt=\"Extra Premium 500 ml x 2 adet zeytinyagi\" srcset=\"https:\/\/pallasolive.com\/wp-content\/uploads\/2022\/10\/ultra_premium_zeytinyagi-300x300.jpg 300w, https:\/\/pallasolive.com\/wp-content\/uploads\/2022\/10\/ultra_premium_zeytinyagi-150x150.jpg 150w, https:\/\/pallasolive.com\/wp-content\/uploads\/2022\/10\/ultra_premium_zeytinyagi-768x768.jpg 768w, https:\/\/pallasolive.com\/wp-content\/uploads\/2022\/10\/ultra_premium_zeytinyagi-12x12.jpg 12w, https:\/\/pallasolive.com\/wp-content\/uploads\/2022\/10\/ultra_premium_zeytinyagi-600x600.jpg 600w, https:\/\/pallasolive.com\/wp-content\/uploads\/2022\/10\/ultra_premium_zeytinyagi-100x100.jpg 100w, https:\/\/pallasolive.com\/wp-content\/uploads\/2022\/10\/ultra_premium_zeytinyagi.jpg 1024w\" sizes=\"(max-width: 300px) 100vw, 300px\" \/><h2 class=\"woocommerce-loop-product__title\">Extra Premium 500 ml x 2 adet zeytinyagi<\/h2>\n\t<span class=\"price\"><span class=\"woocommerce-Price-amount amount\"><bdi><span class=\"woocommerce-Price-currencySymbol\">&#8378;<\/span>1,800.00<\/bdi><\/span><\/span>\n<\/a><a href=\"\/en\/wp-json\/wp\/v2\/pages\/836?add-to-cart=2246\" aria-describedby=\"woocommerce_loop_add_to_cart_link_describedby_2246\" data-quantity=\"1\" class=\"button product_type_simple add_to_cart_button ajax_add_to_cart\" data-product_id=\"2246\" data-product_sku=\"015-2-1\" aria-label=\"Sepete ekle: \u201cExtra Premium 500 ml x 2 adet zeytinyagi\u201d\" rel=\"nofollow\" data-success_message=\"\u201cExtra Premium 500 ml x 2 adet zeytinyagi\u201d has been added to your cart\" role=\"button\" data-no-translation=\"\" data-trp-gettext=\"\" data-no-translation-aria-label=\"\" data-no-translation-data-success_message=\"\">Add to basket<\/a>\t<span id=\"woocommerce_loop_add_to_cart_link_describedby_2246\" class=\"screen-reader-text\">\n\t\t\t<\/span>\n<\/li>\n<li class=\"product type-product post-2714 status-publish first instock product_cat-ucretsiz-kargo product_tag-natural product_tag-vegan has-post-thumbnail shipping-taxable purchasable product-type-simple\">\n\t<a href=\"https:\/\/pallasolive.com\/en\/product\/premium-2-lt-x-2-adet\/\" class=\"woocommerce-LoopProduct-link woocommerce-loop-product__link\"><img loading=\"lazy\" decoding=\"async\" width=\"300\" height=\"300\" src=\"https:\/\/pallasolive.com\/wp-content\/uploads\/2023\/11\/zeytinyagi_premium_2x2litre-300x300.jpg\" class=\"attachment-woocommerce_thumbnail size-woocommerce_thumbnail\" alt=\"Premium 2 lt x 2 adet\" srcset=\"https:\/\/pallasolive.com\/wp-content\/uploads\/2023\/11\/zeytinyagi_premium_2x2litre-300x300.jpg 300w, https:\/\/pallasolive.com\/wp-content\/uploads\/2023\/11\/zeytinyagi_premium_2x2litre-150x150.jpg 150w, https:\/\/pallasolive.com\/wp-content\/uploads\/2023\/11\/zeytinyagi_premium_2x2litre-768x768.jpg 768w, https:\/\/pallasolive.com\/wp-content\/uploads\/2023\/11\/zeytinyagi_premium_2x2litre-12x12.jpg 12w, https:\/\/pallasolive.com\/wp-content\/uploads\/2023\/11\/zeytinyagi_premium_2x2litre-600x600.jpg 600w, https:\/\/pallasolive.com\/wp-content\/uploads\/2023\/11\/zeytinyagi_premium_2x2litre-100x100.jpg 100w, https:\/\/pallasolive.com\/wp-content\/uploads\/2023\/11\/zeytinyagi_premium_2x2litre.jpg 1024w\" sizes=\"(max-width: 300px) 100vw, 300px\" \/><h2 class=\"woocommerce-loop-product__title\">Premium 2 lt x 2 adet<\/h2>\n\t<span class=\"price\"><span class=\"woocommerce-Price-amount amount\"><bdi><span class=\"woocommerce-Price-currencySymbol\">&#8378;<\/span>3,300.00<\/bdi><\/span><\/span>\n<\/a><a href=\"\/en\/wp-json\/wp\/v2\/pages\/836?add-to-cart=2714\" aria-describedby=\"woocommerce_loop_add_to_cart_link_describedby_2714\" data-quantity=\"1\" class=\"button product_type_simple add_to_cart_button ajax_add_to_cart\" data-product_id=\"2714\" data-product_sku=\"013-3-1-1\" aria-label=\"Sepete ekle: \u201cPremium 2 lt x 2 adet\u201d\" rel=\"nofollow\" data-success_message=\"\u201cPremium 2 lt x 2 adet\u201d has been added to your cart\" role=\"button\" data-no-translation=\"\" data-trp-gettext=\"\" data-no-translation-aria-label=\"\" data-no-translation-data-success_message=\"\">Add to basket<\/a>\t<span id=\"woocommerce_loop_add_to_cart_link_describedby_2714\" class=\"screen-reader-text\">\n\t\t\t<\/span>\n<\/li>\n<\/ul>\n<\/div>\t\t\t\t<\/div>\n\t\t\t\t<\/div>\n\t\t\t\t\t<\/div>\n\t\t<\/div>\n\t\t\t\t\t<\/div>\n\t\t<\/section>\n\t\t\t\t<section class=\"elementor-section elementor-top-section elementor-element elementor-element-c7218b5 elementor-section-boxed elementor-section-height-default elementor-section-height-default\" data-id=\"c7218b5\" data-element_type=\"section\">\n\t\t\t\t\t\t<div class=\"elementor-container elementor-column-gap-default\">\n\t\t\t\t\t<div class=\"elementor-column elementor-col-100 elementor-top-column elementor-element elementor-element-fc57e97\" data-id=\"fc57e97\" data-element_type=\"column\">\n\t\t\t<div class=\"elementor-widget-wrap elementor-element-populated\">\n\t\t\t\t\t\t<section class=\"elementor-section elementor-inner-section elementor-element elementor-element-6ba31f5 elementor-section-content-middle elementor-section-boxed elementor-section-height-default elementor-section-height-default\" data-id=\"6ba31f5\" data-element_type=\"section\">\n\t\t\t\t\t\t<div class=\"elementor-container elementor-column-gap-default\">\n\t\t\t\t\t<div class=\"elementor-column elementor-col-50 elementor-inner-column elementor-element elementor-element-678820c\" data-id=\"678820c\" data-element_type=\"column\">\n\t\t\t<div class=\"elementor-widget-wrap elementor-element-populated\">\n\t\t\t\t\t\t<div class=\"elementor-element elementor-element-bec1cb6 elementor-widget elementor-widget-heading\" data-id=\"bec1cb6\" data-element_type=\"widget\" data-widget_type=\"heading.default\">\n\t\t\t\t<div class=\"elementor-widget-container\">\n\t\t\t\t\t<h4 class=\"elementor-heading-title elementor-size-default\">Bu yaz\u0131y\u0131 payla\u015f<\/h4>\t\t\t\t<\/div>\n\t\t\t\t<\/div>\n\t\t\t\t\t<\/div>\n\t\t<\/div>\n\t\t\t\t<div class=\"elementor-column elementor-col-50 elementor-inner-column elementor-element elementor-element-481fdf2\" data-id=\"481fdf2\" data-element_type=\"column\">\n\t\t\t<div class=\"elementor-widget-wrap elementor-element-populated\">\n\t\t\t\t\t\t<div class=\"elementor-element elementor-element-ab2ff0b elementor-share-buttons--skin-flat elementor-grid-mobile-1 elementor-share-buttons--view-icon elementor-share-buttons--shape-square elementor-grid-0 elementor-share-buttons--color-official elementor-widget elementor-widget-share-buttons\" data-id=\"ab2ff0b\" data-element_type=\"widget\" data-widget_type=\"share-buttons.default\">\n\t\t\t\t<div class=\"elementor-widget-container\">\n\t\t\t\t\t\t\t<div class=\"elementor-grid\" role=\"list\">\n\t\t\t\t\t\t\t\t<div class=\"elementor-grid-item\" role=\"listitem\">\n\t\t\t\t\t\t<div class=\"elementor-share-btn elementor-share-btn_facebook\" role=\"button\" tabindex=\"0\" aria-label=\"Share on facebook\">\n\t\t\t\t\t\t\t\t\t\t\t\t\t\t\t<span class=\"elementor-share-btn__icon\">\n\t\t\t\t\t\t\t\t<i class=\"fab fa-facebook\" aria-hidden=\"true\"><\/i>\t\t\t\t\t\t\t<\/span>\n\t\t\t\t\t\t\t\t\t\t\t\t\t\t\t\t\t\t\t\t<\/div>\n\t\t\t\t\t<\/div>\n\t\t\t\t\t\t\t\t\t<div class=\"elementor-grid-item\" role=\"listitem\">\n\t\t\t\t\t\t<div class=\"elementor-share-btn elementor-share-btn_twitter\" role=\"button\" tabindex=\"0\" aria-label=\"Share on twitter\">\n\t\t\t\t\t\t\t\t\t\t\t\t\t\t\t<span class=\"elementor-share-btn__icon\">\n\t\t\t\t\t\t\t\t<i class=\"fab fa-twitter\" aria-hidden=\"true\"><\/i>\t\t\t\t\t\t\t<\/span>\n\t\t\t\t\t\t\t\t\t\t\t\t\t\t\t\t\t\t\t\t<\/div>\n\t\t\t\t\t<\/div>\n\t\t\t\t\t\t\t\t\t<div class=\"elementor-grid-item\" role=\"listitem\">\n\t\t\t\t\t\t<div class=\"elementor-share-btn elementor-share-btn_whatsapp\" role=\"button\" tabindex=\"0\" aria-label=\"Share on whatsapp\">\n\t\t\t\t\t\t\t\t\t\t\t\t\t\t\t<span class=\"elementor-share-btn__icon\">\n\t\t\t\t\t\t\t\t<i class=\"fab fa-whatsapp\" aria-hidden=\"true\"><\/i>\t\t\t\t\t\t\t<\/span>\n\t\t\t\t\t\t\t\t\t\t\t\t\t\t\t\t\t\t\t\t<\/div>\n\t\t\t\t\t<\/div>\n\t\t\t\t\t\t\t\t\t<div class=\"elementor-grid-item\" role=\"listitem\">\n\t\t\t\t\t\t<div class=\"elementor-share-btn elementor-share-btn_linkedin\" role=\"button\" tabindex=\"0\" aria-label=\"Share on linkedin\">\n\t\t\t\t\t\t\t\t\t\t\t\t\t\t\t<span class=\"elementor-share-btn__icon\">\n\t\t\t\t\t\t\t\t<i class=\"fab fa-linkedin\" aria-hidden=\"true\"><\/i>\t\t\t\t\t\t\t<\/span>\n\t\t\t\t\t\t\t\t\t\t\t\t\t\t\t\t\t\t\t\t<\/div>\n\t\t\t\t\t<\/div>\n\t\t\t\t\t\t\t\t\t<div class=\"elementor-grid-item\" role=\"listitem\">\n\t\t\t\t\t\t<div class=\"elementor-share-btn elementor-share-btn_pinterest\" role=\"button\" tabindex=\"0\" aria-label=\"Share on pinterest\">\n\t\t\t\t\t\t\t\t\t\t\t\t\t\t\t<span class=\"elementor-share-btn__icon\">\n\t\t\t\t\t\t\t\t<i class=\"fab fa-pinterest\" aria-hidden=\"true\"><\/i>\t\t\t\t\t\t\t<\/span>\n\t\t\t\t\t\t\t\t\t\t\t\t\t\t\t\t\t\t\t\t<\/div>\n\t\t\t\t\t<\/div>\n\t\t\t\t\t\t\t\t\t<div class=\"elementor-grid-item\" role=\"listitem\">\n\t\t\t\t\t\t<div class=\"elementor-share-btn elementor-share-btn_print\" role=\"button\" tabindex=\"0\" aria-label=\"Share on print\">\n\t\t\t\t\t\t\t\t\t\t\t\t\t\t\t<span class=\"elementor-share-btn__icon\">\n\t\t\t\t\t\t\t\t<i class=\"fas fa-print\" aria-hidden=\"true\"><\/i>\t\t\t\t\t\t\t<\/span>\n\t\t\t\t\t\t\t\t\t\t\t\t\t\t\t\t\t\t\t\t<\/div>\n\t\t\t\t\t<\/div>\n\t\t\t\t\t\t\t\t\t<div class=\"elementor-grid-item\" role=\"listitem\">\n\t\t\t\t\t\t<div class=\"elementor-share-btn elementor-share-btn_email\" role=\"button\" tabindex=\"0\" aria-label=\"Share on email\">\n\t\t\t\t\t\t\t\t\t\t\t\t\t\t\t<span class=\"elementor-share-btn__icon\">\n\t\t\t\t\t\t\t\t<i class=\"fas fa-envelope\" aria-hidden=\"true\"><\/i>\t\t\t\t\t\t\t<\/span>\n\t\t\t\t\t\t\t\t\t\t\t\t\t\t\t\t\t\t\t\t<\/div>\n\t\t\t\t\t<\/div>\n\t\t\t\t\t\t<\/div>\n\t\t\t\t\t\t<\/div>\n\t\t\t\t<\/div>\n\t\t\t\t\t<\/div>\n\t\t<\/div>\n\t\t\t\t\t<\/div>\n\t\t<\/section>\n\t\t\t\t\t<\/div>\n\t\t<\/div>\n\t\t\t\t\t<\/div>\n\t\t<\/section>\n\t\t\t\t<\/div>","protected":false},"excerpt":{"rendered":"<p>Arbequina zeytinya\u011f\u0131 nedir? Pallas&#8217;\u0131n s\u0131rr\u0131 Efsaneye g\u00f6re, 17. yy.&#8217;da \u0130spanyol D\u00fck\u00fc Medinacelli Kud\u00fcs ziyareti s\u0131ras\u0131nda ola\u011fan\u00fcst\u00fc lezzetli bir zeytinya\u011f\u0131 ke\u015ffeder ve bu zeytin cinsinin fide bitkilerini, \u0130ber yar\u0131madas\u0131na getirir. \u0130spanya&#8217;n\u0131n Katalonya kentindeki Lleida kenti yak\u0131nlar\u0131nda, k\u0131y\u0131 kenti olan Tarragona&#8217;n\u0131n kuzeybat\u0131s\u0131nda yer alan Arbequa b\u00f6lgesinde bu fidanlar\u0131n ekimi yap\u0131l\u0131r ve bu b\u00f6lgeden ismini alan Arbequina zeytin [&hellip;]<\/p>","protected":false},"author":1,"featured_media":0,"parent":0,"menu_order":0,"comment_status":"closed","ping_status":"closed","template":"","meta":{"footnotes":""},"class_list":["post-836","page","type-page","status-publish","hentry"],"_links":{"self":[{"href":"https:\/\/pallasolive.com\/en\/wp-json\/wp\/v2\/pages\/836","targetHints":{"allow":["GET"]}}],"collection":[{"href":"https:\/\/pallasolive.com\/en\/wp-json\/wp\/v2\/pages"}],"about":[{"href":"https:\/\/pallasolive.com\/en\/wp-json\/wp\/v2\/types\/page"}],"author":[{"embeddable":true,"href":"https:\/\/pallasolive.com\/en\/wp-json\/wp\/v2\/users\/1"}],"replies":[{"embeddable":true,"href":"https:\/\/pallasolive.com\/en\/wp-json\/wp\/v2\/comments?post=836"}],"version-history":[{"count":8,"href":"https:\/\/pallasolive.com\/en\/wp-json\/wp\/v2\/pages\/836\/revisions"}],"predecessor-version":[{"id":4193,"href":"https:\/\/pallasolive.com\/en\/wp-json\/wp\/v2\/pages\/836\/revisions\/4193"}],"wp:attachment":[{"href":"https:\/\/pallasolive.com\/en\/wp-json\/wp\/v2\/media?parent=836"}],"curies":[{"name":"wp","href":"https:\/\/api.w.org\/{rel}","templated":true}]}}