{"id":847,"date":"2021-04-26T10:23:35","date_gmt":"2021-04-26T07:23:35","guid":{"rendered":"https:\/\/pallasolive.com\/?page_id=847"},"modified":"2024-12-15T12:26:58","modified_gmt":"2024-12-15T09:26:58","slug":"pallasin-gunlugu","status":"publish","type":"page","link":"https:\/\/pallasolive.com\/en\/pallasin-gunlugu\/","title":{"rendered":"Pallas\u2019s Dairy"},"content":{"rendered":"<div data-elementor-type=\"wp-page\" data-elementor-id=\"847\" class=\"elementor elementor-847\" data-elementor-post-type=\"page\">\n\t\t\t\t\t\t<section class=\"elementor-section elementor-top-section elementor-element elementor-element-a60a1e2 elementor-section-full_width elementor-section-stretched mobile-display-none elementor-section-height-default elementor-section-height-default\" data-id=\"a60a1e2\" data-element_type=\"section\" data-settings=\"{&quot;stretch_section&quot;:&quot;section-stretched&quot;}\">\n\t\t\t\t\t\t<div class=\"elementor-container elementor-column-gap-no\">\n\t\t\t\t\t<div class=\"elementor-column elementor-col-100 elementor-top-column elementor-element elementor-element-bcc86c0\" data-id=\"bcc86c0\" data-element_type=\"column\">\n\t\t\t<div class=\"elementor-widget-wrap elementor-element-populated\">\n\t\t\t\t\t\t<div class=\"elementor-element elementor-element-c6048db elementor-widget elementor-widget-image\" data-id=\"c6048db\" data-element_type=\"widget\" data-widget_type=\"image.default\">\n\t\t\t\t<div class=\"elementor-widget-container\">\n\t\t\t\t\t\t\t\t\t\t\t\t\t\t\t<img fetchpriority=\"high\" decoding=\"async\" width=\"1920\" height=\"400\" src=\"https:\/\/pallasolive.com\/wp-content\/uploads\/2021\/11\/Pallas-Blog.jpg\" class=\"attachment-full size-full wp-image-1660\" alt=\"\" srcset=\"https:\/\/pallasolive.com\/wp-content\/uploads\/2021\/11\/Pallas-Blog.jpg 1920w, https:\/\/pallasolive.com\/wp-content\/uploads\/2021\/11\/Pallas-Blog-600x125.jpg 600w, https:\/\/pallasolive.com\/wp-content\/uploads\/2021\/11\/Pallas-Blog-300x63.jpg 300w, https:\/\/pallasolive.com\/wp-content\/uploads\/2021\/11\/Pallas-Blog-1024x213.jpg 1024w, https:\/\/pallasolive.com\/wp-content\/uploads\/2021\/11\/Pallas-Blog-768x160.jpg 768w, https:\/\/pallasolive.com\/wp-content\/uploads\/2021\/11\/Pallas-Blog-1536x320.jpg 1536w, https:\/\/pallasolive.com\/wp-content\/uploads\/2021\/11\/Pallas-Blog-18x4.jpg 18w, https:\/\/pallasolive.com\/wp-content\/uploads\/2021\/11\/Pallas-Blog-700x146.jpg 700w\" sizes=\"(max-width: 1920px) 100vw, 1920px\" \/>\t\t\t\t\t\t\t\t\t\t\t\t\t\t\t<\/div>\n\t\t\t\t<\/div>\n\t\t\t\t\t<\/div>\n\t\t<\/div>\n\t\t\t\t\t<\/div>\n\t\t<\/section>\n\t\t\t\t<section class=\"elementor-section elementor-top-section elementor-element elementor-element-5d71bce el-yazi-h5 elementor-section-boxed elementor-section-height-default elementor-section-height-default\" data-id=\"5d71bce\" data-element_type=\"section\">\n\t\t\t\t\t\t<div class=\"elementor-container elementor-column-gap-default\">\n\t\t\t\t\t<div class=\"elementor-column elementor-col-100 elementor-top-column elementor-element elementor-element-53edcef\" data-id=\"53edcef\" data-element_type=\"column\">\n\t\t\t<div class=\"elementor-widget-wrap elementor-element-populated\">\n\t\t\t\t\t\t<div class=\"elementor-element elementor-element-de1e1da elementor-widget elementor-widget-heading\" data-id=\"de1e1da\" data-element_type=\"widget\" data-widget_type=\"heading.default\">\n\t\t\t\t<div class=\"elementor-widget-container\">\n\t\t\t\t\t<h5 class=\"elementor-heading-title elementor-size-default\">Pallas\u2019s Dairy\n<\/h5>\t\t\t\t<\/div>\n\t\t\t\t<\/div>\n\t\t\t\t<div class=\"elementor-element elementor-element-3bb0656 elementor-widget elementor-widget-heading\" data-id=\"3bb0656\" data-element_type=\"widget\" data-widget_type=\"heading.default\">\n\t\t\t\t<div class=\"elementor-widget-container\">\n\t\t\t\t\t<h3 class=\"elementor-heading-title elementor-size-default\">All about olive oil\n<\/h3>\t\t\t\t<\/div>\n\t\t\t\t<\/div>\n\t\t\t\t<div class=\"elementor-element elementor-element-3ef7dbb elementor-widget elementor-widget-heading\" data-id=\"3ef7dbb\" data-element_type=\"widget\" data-widget_type=\"heading.default\">\n\t\t\t\t<div class=\"elementor-widget-container\">\n\t\t\t\t\t<h6 class=\"elementor-heading-title elementor-size-default\">You can find everything you are looking for about quality olive oil in Pallas's Diary.<\/h6>\t\t\t\t<\/div>\n\t\t\t\t<\/div>\n\t\t\t\t\t<\/div>\n\t\t<\/div>\n\t\t\t\t\t<\/div>\n\t\t<\/section>\n\t\t\t\t<section class=\"elementor-section elementor-top-section elementor-element elementor-element-404b76f elementor-section-full_width elementor-section-content-middle el-yazi-h5 elementor-section-height-default elementor-section-height-default\" data-id=\"404b76f\" data-element_type=\"section\">\n\t\t\t\t\t\t<div class=\"elementor-container elementor-column-gap-default\">\n\t\t\t\t\t<div class=\"elementor-column elementor-col-33 elementor-top-column elementor-element elementor-element-ba25fc8\" data-id=\"ba25fc8\" data-element_type=\"column\" data-settings=\"{&quot;background_background&quot;:&quot;classic&quot;}\">\n\t\t\t<div class=\"elementor-widget-wrap elementor-element-populated\">\n\t\t\t\t\t\t<div class=\"elementor-element elementor-element-186f9bc elementor-position-top elementor-widget elementor-widget-image-box\" data-id=\"186f9bc\" data-element_type=\"widget\" data-widget_type=\"image-box.default\">\n\t\t\t\t<div class=\"elementor-widget-container\">\n\t\t\t\t\t<div class=\"elementor-image-box-wrapper\"><figure class=\"elementor-image-box-img\"><a href=\"https:\/\/pallasolive.com\/en\/pallas\/iyi-zeytinyagi-nasil-olur\/\" tabindex=\"-1\"><img decoding=\"async\" width=\"800\" height=\"459\" src=\"https:\/\/pallasolive.com\/wp-content\/uploads\/2023\/12\/1-1.jpg\" class=\"attachment-full size-full wp-image-3261\" alt=\"\" srcset=\"https:\/\/pallasolive.com\/wp-content\/uploads\/2023\/12\/1-1.jpg 800w, https:\/\/pallasolive.com\/wp-content\/uploads\/2023\/12\/1-1-600x344.jpg 600w, https:\/\/pallasolive.com\/wp-content\/uploads\/2023\/12\/1-1-300x172.jpg 300w, https:\/\/pallasolive.com\/wp-content\/uploads\/2023\/12\/1-1-768x441.jpg 768w, https:\/\/pallasolive.com\/wp-content\/uploads\/2023\/12\/1-1-18x10.jpg 18w\" sizes=\"(max-width: 800px) 100vw, 800px\" \/><\/a><\/figure><div class=\"elementor-image-box-content\"><h3 class=\"elementor-image-box-title\"><a href=\"https:\/\/pallasolive.com\/en\/pallas\/iyi-zeytinyagi-nasil-olur\/\">What is good olive oil?<\/a><\/h3><p class=\"elementor-image-box-description\">11 steps that add quality to olive oil<\/p><\/div><\/div>\t\t\t\t<\/div>\n\t\t\t\t<\/div>\n\t\t\t\t\t<\/div>\n\t\t<\/div>\n\t\t\t\t<div class=\"elementor-column elementor-col-33 elementor-top-column elementor-element elementor-element-81482e4\" data-id=\"81482e4\" data-element_type=\"column\" data-settings=\"{&quot;background_background&quot;:&quot;classic&quot;}\">\n\t\t\t<div class=\"elementor-widget-wrap elementor-element-populated\">\n\t\t\t\t\t\t<div class=\"elementor-element elementor-element-6920c3e elementor-position-top elementor-widget elementor-widget-image-box\" data-id=\"6920c3e\" data-element_type=\"widget\" data-widget_type=\"image-box.default\">\n\t\t\t\t<div class=\"elementor-widget-container\">\n\t\t\t\t\t<div class=\"elementor-image-box-wrapper\"><figure class=\"elementor-image-box-img\"><a href=\"https:\/\/pallasolive.com\/en\/pallas\/bunlari-biliyor-musunuz\/\" tabindex=\"-1\"><img decoding=\"async\" width=\"800\" height=\"459\" src=\"https:\/\/pallasolive.com\/wp-content\/uploads\/2023\/12\/2-1.jpg\" class=\"attachment-full size-full wp-image-3262\" alt=\"\" srcset=\"https:\/\/pallasolive.com\/wp-content\/uploads\/2023\/12\/2-1.jpg 800w, https:\/\/pallasolive.com\/wp-content\/uploads\/2023\/12\/2-1-600x344.jpg 600w, https:\/\/pallasolive.com\/wp-content\/uploads\/2023\/12\/2-1-300x172.jpg 300w, https:\/\/pallasolive.com\/wp-content\/uploads\/2023\/12\/2-1-768x441.jpg 768w, https:\/\/pallasolive.com\/wp-content\/uploads\/2023\/12\/2-1-18x10.jpg 18w\" sizes=\"(max-width: 800px) 100vw, 800px\" \/><\/a><\/figure><div class=\"elementor-image-box-content\"><h3 class=\"elementor-image-box-title\"><a href=\"https:\/\/pallasolive.com\/en\/pallas\/bunlari-biliyor-musunuz\/\">Do you know these?<\/a><\/h3><p class=\"elementor-image-box-description\">What is olive oil acid and why is it important?<\/p><\/div><\/div>\t\t\t\t<\/div>\n\t\t\t\t<\/div>\n\t\t\t\t\t<\/div>\n\t\t<\/div>\n\t\t\t\t<div class=\"elementor-column elementor-col-33 elementor-top-column elementor-element elementor-element-6e73010\" data-id=\"6e73010\" data-element_type=\"column\" data-settings=\"{&quot;background_background&quot;:&quot;classic&quot;}\">\n\t\t\t<div class=\"elementor-widget-wrap elementor-element-populated\">\n\t\t\t\t\t\t<div class=\"elementor-element elementor-element-5a7d14b elementor-position-top elementor-widget elementor-widget-image-box\" data-id=\"5a7d14b\" data-element_type=\"widget\" data-widget_type=\"image-box.default\">\n\t\t\t\t<div class=\"elementor-widget-container\">\n\t\t\t\t\t<div class=\"elementor-image-box-wrapper\"><figure class=\"elementor-image-box-img\"><a href=\"https:\/\/pallasolive.com\/en\/pallas\/pallasin-sirri\/\" tabindex=\"-1\"><img loading=\"lazy\" decoding=\"async\" width=\"800\" height=\"459\" src=\"https:\/\/pallasolive.com\/wp-content\/uploads\/2023\/12\/Arbosana.jpg\" class=\"attachment-full size-full wp-image-3263\" alt=\"\" srcset=\"https:\/\/pallasolive.com\/wp-content\/uploads\/2023\/12\/Arbosana.jpg 800w, https:\/\/pallasolive.com\/wp-content\/uploads\/2023\/12\/Arbosana-600x344.jpg 600w, https:\/\/pallasolive.com\/wp-content\/uploads\/2023\/12\/Arbosana-300x172.jpg 300w, https:\/\/pallasolive.com\/wp-content\/uploads\/2023\/12\/Arbosana-768x441.jpg 768w, https:\/\/pallasolive.com\/wp-content\/uploads\/2023\/12\/Arbosana-18x10.jpg 18w\" sizes=\"(max-width: 800px) 100vw, 800px\" \/><\/a><\/figure><div class=\"elementor-image-box-content\"><h3 class=\"elementor-image-box-title\"><a href=\"https:\/\/pallasolive.com\/en\/pallas\/pallasin-sirri\/\">Pallas'\u0131n <br>s\u0131rr\u0131<\/a><\/h3><p class=\"elementor-image-box-description\">What is Arbequina olive oil?<\/p><\/div><\/div>\t\t\t\t<\/div>\n\t\t\t\t<\/div>\n\t\t\t\t\t<\/div>\n\t\t<\/div>\n\t\t\t\t\t<\/div>\n\t\t<\/section>\n\t\t\t\t<\/div>","protected":false},"excerpt":{"rendered":"<p>Pallas\u2019\u0131n G\u00fcnl\u00fc\u011f\u00fc Zeytinya\u011f\u0131 hakk\u0131nda her \u015fey Kaliteli zeytinya\u011f\u0131 hakk\u0131nda arad\u0131\u011f\u0131n\u0131z her \u015feyi Pallas\u2019\u0131n G\u00fcnl\u00fc\u011f\u00fc\u2019nde bulabilirsiniz. \u0130yi zeytinya\u011f\u0131 nas\u0131l olur? Zeytinya\u011f\u0131na kalite katan 11 ad\u0131m Bunlar\u0131 biliyor musunuz? Zeytinya\u011f\u0131 asidi nedir ve neden \u00f6nemlidir? Pallas&#8217;\u0131n s\u0131rr\u0131 Arbequina zeytinya\u011f\u0131 nedir?<\/p>","protected":false},"author":1,"featured_media":0,"parent":0,"menu_order":0,"comment_status":"closed","ping_status":"closed","template":"elementor_header_footer","meta":{"footnotes":""},"class_list":["post-847","page","type-page","status-publish","hentry"],"_links":{"self":[{"href":"https:\/\/pallasolive.com\/en\/wp-json\/wp\/v2\/pages\/847","targetHints":{"allow":["GET"]}}],"collection":[{"href":"https:\/\/pallasolive.com\/en\/wp-json\/wp\/v2\/pages"}],"about":[{"href":"https:\/\/pallasolive.com\/en\/wp-json\/wp\/v2\/types\/page"}],"author":[{"embeddable":true,"href":"https:\/\/pallasolive.com\/en\/wp-json\/wp\/v2\/users\/1"}],"replies":[{"embeddable":true,"href":"https:\/\/pallasolive.com\/en\/wp-json\/wp\/v2\/comments?post=847"}],"version-history":[{"count":59,"href":"https:\/\/pallasolive.com\/en\/wp-json\/wp\/v2\/pages\/847\/revisions"}],"predecessor-version":[{"id":4169,"href":"https:\/\/pallasolive.com\/en\/wp-json\/wp\/v2\/pages\/847\/revisions\/4169"}],"wp:attachment":[{"href":"https:\/\/pallasolive.com\/en\/wp-json\/wp\/v2\/media?parent=847"}],"curies":[{"name":"wp","href":"https:\/\/api.w.org\/{rel}","templated":true}]}}