{"id":3201,"date":"2023-12-10T07:33:59","date_gmt":"2023-12-10T04:33:59","guid":{"rendered":"https:\/\/pallasolive.com\/?post_type=product&#038;p=3201"},"modified":"2026-01-16T17:23:42","modified_gmt":"2026-01-16T14:23:42","slug":"premium-500-ml-x-6-adet-yeni-hasat","status":"publish","type":"product","link":"https:\/\/pallasolive.com\/en\/product\/premium-500-ml-x-6-adet-yeni-hasat\/","title":{"rendered":"Premium 500 ml x 6 adet Yeni Hasat zeytinyagi"},"content":{"rendered":"<p>It is sold in a 500 ml opaque glass bottle. The free fatty acid ratio in terms of oleic acid is maximum 0.1%. It is important to consume within 3 months after opening. It should be stored in a cool environment. (18-22 \u1d52C) Produced and filled in Pallas Arbequina Garden.<\/p>","protected":false},"excerpt":{"rendered":"<p>Pallas Premium is a high-quality extra virgin olive oil obtained by cold pressing (24 degrees) olives carefully selected from the early harvest of young Arbequina trees, which we grow in our own garden\n\nnear the K\u0131ranseyh village of K\u00f6pr\u00fcba\u015f\u0131 district of Manisa. 1 liter of Pallas Premium olive oil weighs an average of 7 kg. Obtained by squeezing early harvested olives. Pallas Premium olive oil has a low acidity, a high polyphenol content, and a very strong fruitiness and aroma. Ideal for salad dressings, dipping, sprinkling and marinating.<\/p>","protected":false},"featured_media":4579,"template":"","meta":[],"product_brand":[],"product_cat":[32],"product_tag":[19,23],"class_list":{"0":"post-3201","1":"product","2":"type-product","3":"status-publish","4":"has-post-thumbnail","6":"product_cat-ucretsiz-kargo","7":"product_tag-natural","8":"product_tag-vegan","10":"first","11":"instock","12":"shipping-taxable","13":"purchasable","14":"product-type-simple"},"_links":{"self":[{"href":"https:\/\/pallasolive.com\/en\/wp-json\/wp\/v2\/product\/3201","targetHints":{"allow":["GET"]}}],"collection":[{"href":"https:\/\/pallasolive.com\/en\/wp-json\/wp\/v2\/product"}],"about":[{"href":"https:\/\/pallasolive.com\/en\/wp-json\/wp\/v2\/types\/product"}],"wp:featuredmedia":[{"embeddable":true,"href":"https:\/\/pallasolive.com\/en\/wp-json\/wp\/v2\/media\/4579"}],"wp:attachment":[{"href":"https:\/\/pallasolive.com\/en\/wp-json\/wp\/v2\/media?parent=3201"}],"wp:term":[{"taxonomy":"product_brand","embeddable":true,"href":"https:\/\/pallasolive.com\/en\/wp-json\/wp\/v2\/product_brand?post=3201"},{"taxonomy":"product_cat","embeddable":true,"href":"https:\/\/pallasolive.com\/en\/wp-json\/wp\/v2\/product_cat?post=3201"},{"taxonomy":"product_tag","embeddable":true,"href":"https:\/\/pallasolive.com\/en\/wp-json\/wp\/v2\/product_tag?post=3201"}],"curies":[{"name":"wp","href":"https:\/\/api.w.org\/{rel}","templated":true}]}}