{"id":4540,"date":"2025-12-04T23:53:56","date_gmt":"2025-12-04T20:53:56","guid":{"rendered":"https:\/\/pallasolive.com\/?post_type=product&#038;p=4540"},"modified":"2025-12-06T15:39:21","modified_gmt":"2025-12-06T12:39:21","slug":"extra-premium-500-ml-en-erken-hasat-filtresiz","status":"publish","type":"product","link":"https:\/\/pallasolive.com\/en\/product\/extra-premium-500-ml-en-erken-hasat-filtresiz\/","title":{"rendered":"Extra Premium 500 ml En Erken Hasat Filtresiz zeytinyagi"},"content":{"rendered":"<p>It is sold in a 500 ml opaque glass bottle. The free fatty acid ratio in terms of oleic acid is maximum 0.1%. It is important to consume within 3 months after opening. It should be stored in a cool environment. (18-22 \u1d52C) Produced and filled in Pallas Arbequina Garden.<\/p>","protected":false},"excerpt":{"rendered":"<p>Pallas Extra Premium is a high quality extra virgin olive oil obtained by cold pressing (22 \u1d52C) carefully selected olives from the extra early harvest of young Arbequina trees, which we grow in our own garden, near the K\u0131ranseyh village of K\u00f6pr\u00fcba\u015f\u0131 district of Manisa. 1 liter of Pallas Extra Premium olive oil weighs an average of 11 kg. It is obtained by squeezing the first early harvested olives. It is produced in limited numbers due to the first early harvest. Pallas Premium olive oil has a low acidity, a high polyphenol content, and a very strong fruitiness and aroma.<\/p>","protected":false},"featured_media":4543,"template":"","meta":[],"product_brand":[],"product_cat":[32],"product_tag":[19,23,24],"class_list":{"0":"post-4540","1":"product","2":"type-product","3":"status-publish","4":"has-post-thumbnail","6":"product_cat-ucretsiz-kargo","7":"product_tag-natural","8":"product_tag-vegan","9":"product_tag-vegetables","11":"first","12":"instock","13":"shipping-taxable","14":"purchasable","15":"product-type-simple"},"_links":{"self":[{"href":"https:\/\/pallasolive.com\/en\/wp-json\/wp\/v2\/product\/4540","targetHints":{"allow":["GET"]}}],"collection":[{"href":"https:\/\/pallasolive.com\/en\/wp-json\/wp\/v2\/product"}],"about":[{"href":"https:\/\/pallasolive.com\/en\/wp-json\/wp\/v2\/types\/product"}],"wp:featuredmedia":[{"embeddable":true,"href":"https:\/\/pallasolive.com\/en\/wp-json\/wp\/v2\/media\/4543"}],"wp:attachment":[{"href":"https:\/\/pallasolive.com\/en\/wp-json\/wp\/v2\/media?parent=4540"}],"wp:term":[{"taxonomy":"product_brand","embeddable":true,"href":"https:\/\/pallasolive.com\/en\/wp-json\/wp\/v2\/product_brand?post=4540"},{"taxonomy":"product_cat","embeddable":true,"href":"https:\/\/pallasolive.com\/en\/wp-json\/wp\/v2\/product_cat?post=4540"},{"taxonomy":"product_tag","embeddable":true,"href":"https:\/\/pallasolive.com\/en\/wp-json\/wp\/v2\/product_tag?post=4540"}],"curies":[{"name":"wp","href":"https:\/\/api.w.org\/{rel}","templated":true}]}}