{"id":4583,"date":"2026-01-16T18:01:02","date_gmt":"2026-01-16T15:01:02","guid":{"rendered":"https:\/\/pallasolive.com\/?post_type=product&#038;p=4583"},"modified":"2026-01-19T12:44:02","modified_gmt":"2026-01-19T09:44:02","slug":"premium-5-lt-x-4-adet-zeytinyagi-2","status":"publish","type":"product","link":"https:\/\/pallasolive.com\/en\/product\/premium-5-lt-x-4-adet-zeytinyagi-2\/","title":{"rendered":"Premium 5 lt x 1 adet zeytinyagi"},"content":{"rendered":"<p>5000 ml&#8217;lik teneke kutuda sat\u0131lmaktad\u0131r. Oleik asit cinsinden serbest ya\u011f asit oran\u0131 maksimum % 0,1&#8217;dir. A\u00e7\u0131ld\u0131ktan sonra 3 ay i\u00e7erisinde t\u00fcketilmesi \u00f6nemlidir. Serin bir ortamda muhafaza edilmelidir. (18-22 \u1d52C) Pallas Arbequina Garden&#8217;da \u00fcretilmi\u015f ve doldurulmu\u015ftur.<\/p>","protected":false},"excerpt":{"rendered":"<p>Pallas Premium is a high-quality extra virgin olive oil obtained by cold pressing (24 degrees) olives carefully selected from the early harvest of young Arbequina trees, which we grow in our own garden\n\nnear the K\u0131ranseyh village of K\u00f6pr\u00fcba\u015f\u0131 district of Manisa. 1 liter of Pallas Premium olive oil weighs an average of 7 kg. Obtained by squeezing early harvested olives. Pallas Premium olive oil has a low acidity, a high polyphenol content, and a very strong fruitiness and aroma. Ideal for salad dressings, dipping, sprinkling and marinating.<\/p>","protected":false},"featured_media":4584,"template":"","meta":[],"product_brand":[],"product_cat":[32],"product_tag":[19,23],"class_list":{"0":"post-4583","1":"product","2":"type-product","3":"status-publish","4":"has-post-thumbnail","6":"product_cat-ucretsiz-kargo","7":"product_tag-natural","8":"product_tag-vegan","10":"first","11":"instock","12":"shipping-taxable","13":"purchasable","14":"product-type-simple"},"_links":{"self":[{"href":"https:\/\/pallasolive.com\/en\/wp-json\/wp\/v2\/product\/4583","targetHints":{"allow":["GET"]}}],"collection":[{"href":"https:\/\/pallasolive.com\/en\/wp-json\/wp\/v2\/product"}],"about":[{"href":"https:\/\/pallasolive.com\/en\/wp-json\/wp\/v2\/types\/product"}],"wp:featuredmedia":[{"embeddable":true,"href":"https:\/\/pallasolive.com\/en\/wp-json\/wp\/v2\/media\/4584"}],"wp:attachment":[{"href":"https:\/\/pallasolive.com\/en\/wp-json\/wp\/v2\/media?parent=4583"}],"wp:term":[{"taxonomy":"product_brand","embeddable":true,"href":"https:\/\/pallasolive.com\/en\/wp-json\/wp\/v2\/product_brand?post=4583"},{"taxonomy":"product_cat","embeddable":true,"href":"https:\/\/pallasolive.com\/en\/wp-json\/wp\/v2\/product_cat?post=4583"},{"taxonomy":"product_tag","embeddable":true,"href":"https:\/\/pallasolive.com\/en\/wp-json\/wp\/v2\/product_tag?post=4583"}],"curies":[{"name":"wp","href":"https:\/\/api.w.org\/{rel}","templated":true}]}}